{"id":5630,"date":"2025-06-04T10:20:12","date_gmt":"2025-06-04T07:20:12","guid":{"rendered":"https:\/\/siaures.brightprojects.io\/?post_type=product&#038;p=5630"},"modified":"2025-06-04T10:49:55","modified_gmt":"2025-06-04T07:49:55","slug":"bag-from-the-saltibarsciu-collection","status":"publish","type":"product","link":"https:\/\/siaures.brightprojects.io\/en\/product\/bag-from-the-saltibarsciu-collection\/","title":{"rendered":"Bag from the &#8220;\u0160altibar\u0161\u010di\u0173&#8221; collection"},"content":{"rendered":"<p>A light, fun and practical accessory for everyone who loves cold cuts &#8211; not only on the plate, but also in the heart. Made of natural cotton, this bag is perfect for everyday essentials: books, vegetables, language notes&#8230; <strong>Features:<\/strong><\/p>\n<ul>\n<li>100% natural cotton<\/li>\n<li>Dimensions: ~38 \u00d7 42 cm<\/li>\n<\/ul>\n","protected":false},"excerpt":{"rendered":"<p>A light, fun and practical accessory for all those who love cold breet soup &#8211; not only on the plate, but also in their hearts.<\/p>\n","protected":false},"featured_media":5465,"template":"","meta":{"_acf_changed":false},"product_brand":[],"product_cat":[182],"product_tag":[],"class_list":{"0":"post-5630","1":"product","2":"type-product","3":"status-publish","4":"has-post-thumbnail","6":"product_cat-gifts-and-souvenirs","8":"first","9":"instock","10":"shipping-taxable","11":"purchasable","12":"product-type-simple"},"acf":[],"yoast_head":"<!-- This site is optimized with the Yoast SEO plugin v25.2 - https:\/\/yoast.com\/wordpress\/plugins\/seo\/ -->\n<title>Bag from the &quot;\u0160altibar\u0161\u010di\u0173&quot; collection - \u0160iaur\u0117s kryptimi<\/title>\n<meta name=\"robots\" content=\"noindex, follow, max-snippet:-1, max-image-preview:large, max-video-preview:-1\" \/>\n<meta property=\"og:locale\" content=\"en_US\" \/>\n<meta property=\"og:type\" content=\"article\" \/>\n<meta property=\"og:title\" content=\"Bag from the &quot;\u0160altibar\u0161\u010di\u0173&quot; collection - \u0160iaur\u0117s kryptimi\" \/>\n<meta property=\"og:description\" content=\"A light, fun and practical accessory for all those who love cold breet soup - not only on the plate, but also in their hearts.\" \/>\n<meta property=\"og:url\" content=\"https:\/\/siaures.brightprojects.io\/product\/maiselis-is-saltibarsciu-kolekcijos\/\" \/>\n<meta property=\"og:site_name\" content=\"\u0160iaur\u0117s kryptimi\" \/>\n<meta property=\"article:publisher\" content=\"https:\/\/www.facebook.com\/siaureskryptimi\" \/>\n<meta property=\"article:modified_time\" content=\"2025-06-04T07:49:55+00:00\" \/>\n<meta property=\"og:image\" content=\"https:\/\/siaures.brightprojects.io\/wp-content\/uploads\/2025\/06\/Dizainas-be-pavadinimo-9.png\" \/>\n\t<meta property=\"og:image:width\" content=\"1000\" \/>\n\t<meta property=\"og:image:height\" content=\"1000\" \/>\n\t<meta property=\"og:image:type\" content=\"image\/png\" \/>\n<meta name=\"twitter:card\" content=\"summary_large_image\" \/>\n<script type=\"application\/ld+json\" class=\"yoast-schema-graph\">{\"@context\":\"https:\/\/schema.org\",\"@graph\":[{\"@type\":\"WebPage\",\"@id\":\"https:\/\/siaures.brightprojects.io\/product\/maiselis-is-saltibarsciu-kolekcijos\/\",\"url\":\"https:\/\/siaures.brightprojects.io\/product\/maiselis-is-saltibarsciu-kolekcijos\/\",\"name\":\"Bag from the \\\"\u0160altibar\u0161\u010di\u0173\\\" collection - \u0160iaur\u0117s kryptimi\",\"isPartOf\":{\"@id\":\"https:\/\/siaures.brightprojects.io\/#website\"},\"primaryImageOfPage\":{\"@id\":\"https:\/\/siaures.brightprojects.io\/product\/maiselis-is-saltibarsciu-kolekcijos\/#primaryimage\"},\"image\":{\"@id\":\"https:\/\/siaures.brightprojects.io\/product\/maiselis-is-saltibarsciu-kolekcijos\/#primaryimage\"},\"thumbnailUrl\":\"https:\/\/siaures.brightprojects.io\/wp-content\/uploads\/2025\/06\/Dizainas-be-pavadinimo-9.png\",\"datePublished\":\"2025-06-04T07:20:12+00:00\",\"dateModified\":\"2025-06-04T07:49:55+00:00\",\"breadcrumb\":{\"@id\":\"https:\/\/siaures.brightprojects.io\/product\/maiselis-is-saltibarsciu-kolekcijos\/#breadcrumb\"},\"inLanguage\":\"en-US\",\"potentialAction\":[{\"@type\":\"ReadAction\",\"target\":[\"https:\/\/siaures.brightprojects.io\/product\/maiselis-is-saltibarsciu-kolekcijos\/\"]}]},{\"@type\":\"ImageObject\",\"inLanguage\":\"en-US\",\"@id\":\"https:\/\/siaures.brightprojects.io\/product\/maiselis-is-saltibarsciu-kolekcijos\/#primaryimage\",\"url\":\"https:\/\/siaures.brightprojects.io\/wp-content\/uploads\/2025\/06\/Dizainas-be-pavadinimo-9.png\",\"contentUrl\":\"https:\/\/siaures.brightprojects.io\/wp-content\/uploads\/2025\/06\/Dizainas-be-pavadinimo-9.png\",\"width\":1000,\"height\":1000},{\"@type\":\"BreadcrumbList\",\"@id\":\"https:\/\/siaures.brightprojects.io\/product\/maiselis-is-saltibarsciu-kolekcijos\/#breadcrumb\",\"itemListElement\":[{\"@type\":\"ListItem\",\"position\":1,\"name\":\"Homepage\",\"item\":\"https:\/\/siaures.brightprojects.io\/en\/\"},{\"@type\":\"ListItem\",\"position\":2,\"name\":\"Shop\",\"item\":\"https:\/\/siaures.brightprojects.io\/parduotuve\/\"},{\"@type\":\"ListItem\",\"position\":3,\"name\":\"Bag from the &#8222;\u0160altibar\u0161\u010di\u0173&#8221; collection\"}]},{\"@type\":\"WebSite\",\"@id\":\"https:\/\/siaures.brightprojects.io\/#website\",\"url\":\"https:\/\/siaures.brightprojects.io\/\",\"name\":\"https:\/\/siaureskryptimi.lt\",\"description\":\"\",\"publisher\":{\"@id\":\"https:\/\/siaures.brightprojects.io\/#organization\"},\"potentialAction\":[{\"@type\":\"SearchAction\",\"target\":{\"@type\":\"EntryPoint\",\"urlTemplate\":\"https:\/\/siaures.brightprojects.io\/?s={search_term_string}\"},\"query-input\":{\"@type\":\"PropertyValueSpecification\",\"valueRequired\":true,\"valueName\":\"search_term_string\"}}],\"inLanguage\":\"en-US\"},{\"@type\":\"Organization\",\"@id\":\"https:\/\/siaures.brightprojects.io\/#organization\",\"name\":\"\u0160iaur\u0117s kryptimi\",\"url\":\"https:\/\/siaures.brightprojects.io\/\",\"logo\":{\"@type\":\"ImageObject\",\"inLanguage\":\"en-US\",\"@id\":\"https:\/\/siaures.brightprojects.io\/#\/schema\/logo\/image\/\",\"url\":\"https:\/\/siaures.brightprojects.io\/wp-content\/uploads\/2025\/05\/mazas-logo.png\",\"contentUrl\":\"https:\/\/siaures.brightprojects.io\/wp-content\/uploads\/2025\/05\/mazas-logo.png\",\"width\":30,\"height\":29,\"caption\":\"\u0160iaur\u0117s kryptimi\"},\"image\":{\"@id\":\"https:\/\/siaures.brightprojects.io\/#\/schema\/logo\/image\/\"},\"sameAs\":[\"https:\/\/www.facebook.com\/siaureskryptimi\",\"https:\/\/www.instagram.com\/siaureskryptimi\/?hl=en\",\"https:\/\/www.linkedin.com\/company\/siaureskryptimi\/\"]}]}<\/script>\n<!-- \/ Yoast SEO plugin. -->","yoast_head_json":{"title":"Bag from the \"\u0160altibar\u0161\u010di\u0173\" collection - \u0160iaur\u0117s kryptimi","robots":{"index":"noindex","follow":"follow","max-snippet":"max-snippet:-1","max-image-preview":"max-image-preview:large","max-video-preview":"max-video-preview:-1"},"og_locale":"en_US","og_type":"article","og_title":"Bag from the \"\u0160altibar\u0161\u010di\u0173\" collection - \u0160iaur\u0117s kryptimi","og_description":"A light, fun and practical accessory for all those who love cold breet soup - not only on the plate, but also in their hearts.","og_url":"https:\/\/siaures.brightprojects.io\/product\/maiselis-is-saltibarsciu-kolekcijos\/","og_site_name":"\u0160iaur\u0117s kryptimi","article_publisher":"https:\/\/www.facebook.com\/siaureskryptimi","article_modified_time":"2025-06-04T07:49:55+00:00","og_image":[{"width":1000,"height":1000,"url":"https:\/\/siaures.brightprojects.io\/wp-content\/uploads\/2025\/06\/Dizainas-be-pavadinimo-9.png","type":"image\/png"}],"twitter_card":"summary_large_image","schema":{"@context":"https:\/\/schema.org","@graph":[{"@type":"WebPage","@id":"https:\/\/siaures.brightprojects.io\/product\/maiselis-is-saltibarsciu-kolekcijos\/","url":"https:\/\/siaures.brightprojects.io\/product\/maiselis-is-saltibarsciu-kolekcijos\/","name":"Bag from the \"\u0160altibar\u0161\u010di\u0173\" collection - \u0160iaur\u0117s kryptimi","isPartOf":{"@id":"https:\/\/siaures.brightprojects.io\/#website"},"primaryImageOfPage":{"@id":"https:\/\/siaures.brightprojects.io\/product\/maiselis-is-saltibarsciu-kolekcijos\/#primaryimage"},"image":{"@id":"https:\/\/siaures.brightprojects.io\/product\/maiselis-is-saltibarsciu-kolekcijos\/#primaryimage"},"thumbnailUrl":"https:\/\/siaures.brightprojects.io\/wp-content\/uploads\/2025\/06\/Dizainas-be-pavadinimo-9.png","datePublished":"2025-06-04T07:20:12+00:00","dateModified":"2025-06-04T07:49:55+00:00","breadcrumb":{"@id":"https:\/\/siaures.brightprojects.io\/product\/maiselis-is-saltibarsciu-kolekcijos\/#breadcrumb"},"inLanguage":"en-US","potentialAction":[{"@type":"ReadAction","target":["https:\/\/siaures.brightprojects.io\/product\/maiselis-is-saltibarsciu-kolekcijos\/"]}]},{"@type":"ImageObject","inLanguage":"en-US","@id":"https:\/\/siaures.brightprojects.io\/product\/maiselis-is-saltibarsciu-kolekcijos\/#primaryimage","url":"https:\/\/siaures.brightprojects.io\/wp-content\/uploads\/2025\/06\/Dizainas-be-pavadinimo-9.png","contentUrl":"https:\/\/siaures.brightprojects.io\/wp-content\/uploads\/2025\/06\/Dizainas-be-pavadinimo-9.png","width":1000,"height":1000},{"@type":"BreadcrumbList","@id":"https:\/\/siaures.brightprojects.io\/product\/maiselis-is-saltibarsciu-kolekcijos\/#breadcrumb","itemListElement":[{"@type":"ListItem","position":1,"name":"Homepage","item":"https:\/\/siaures.brightprojects.io\/en\/"},{"@type":"ListItem","position":2,"name":"Shop","item":"https:\/\/siaures.brightprojects.io\/parduotuve\/"},{"@type":"ListItem","position":3,"name":"Bag from the &#8222;\u0160altibar\u0161\u010di\u0173&#8221; collection"}]},{"@type":"WebSite","@id":"https:\/\/siaures.brightprojects.io\/#website","url":"https:\/\/siaures.brightprojects.io\/","name":"https:\/\/siaureskryptimi.lt","description":"","publisher":{"@id":"https:\/\/siaures.brightprojects.io\/#organization"},"potentialAction":[{"@type":"SearchAction","target":{"@type":"EntryPoint","urlTemplate":"https:\/\/siaures.brightprojects.io\/?s={search_term_string}"},"query-input":{"@type":"PropertyValueSpecification","valueRequired":true,"valueName":"search_term_string"}}],"inLanguage":"en-US"},{"@type":"Organization","@id":"https:\/\/siaures.brightprojects.io\/#organization","name":"\u0160iaur\u0117s kryptimi","url":"https:\/\/siaures.brightprojects.io\/","logo":{"@type":"ImageObject","inLanguage":"en-US","@id":"https:\/\/siaures.brightprojects.io\/#\/schema\/logo\/image\/","url":"https:\/\/siaures.brightprojects.io\/wp-content\/uploads\/2025\/05\/mazas-logo.png","contentUrl":"https:\/\/siaures.brightprojects.io\/wp-content\/uploads\/2025\/05\/mazas-logo.png","width":30,"height":29,"caption":"\u0160iaur\u0117s kryptimi"},"image":{"@id":"https:\/\/siaures.brightprojects.io\/#\/schema\/logo\/image\/"},"sameAs":["https:\/\/www.facebook.com\/siaureskryptimi","https:\/\/www.instagram.com\/siaureskryptimi\/?hl=en","https:\/\/www.linkedin.com\/company\/siaureskryptimi\/"]}]}},"_links":{"self":[{"href":"https:\/\/siaures.brightprojects.io\/en\/wp-json\/wp\/v2\/product\/5630","targetHints":{"allow":["GET"]}}],"collection":[{"href":"https:\/\/siaures.brightprojects.io\/en\/wp-json\/wp\/v2\/product"}],"about":[{"href":"https:\/\/siaures.brightprojects.io\/en\/wp-json\/wp\/v2\/types\/product"}],"wp:featuredmedia":[{"embeddable":true,"href":"https:\/\/siaures.brightprojects.io\/en\/wp-json\/wp\/v2\/media\/5465"}],"wp:attachment":[{"href":"https:\/\/siaures.brightprojects.io\/en\/wp-json\/wp\/v2\/media?parent=5630"}],"wp:term":[{"taxonomy":"product_brand","embeddable":true,"href":"https:\/\/siaures.brightprojects.io\/en\/wp-json\/wp\/v2\/product_brand?post=5630"},{"taxonomy":"product_cat","embeddable":true,"href":"https:\/\/siaures.brightprojects.io\/en\/wp-json\/wp\/v2\/product_cat?post=5630"},{"taxonomy":"product_tag","embeddable":true,"href":"https:\/\/siaures.brightprojects.io\/en\/wp-json\/wp\/v2\/product_tag?post=5630"}],"curies":[{"name":"wp","href":"https:\/\/api.w.org\/{rel}","templated":true}]}}