{"id":5788,"date":"2025-06-04T10:20:12","date_gmt":"2025-06-04T07:20:12","guid":{"rendered":"https:\/\/siaures.brightprojects.io\/?post_type=product&#038;p=5788"},"modified":"2025-06-04T11:50:30","modified_gmt":"2025-06-04T08:50:30","slug":"%d0%ba%d0%be%d0%bb%d0%b5%d1%81%d0%be-%d0%b4%d0%b5%d0%b9%d1%81%d1%82%d0%b2%d0%b8%d1%8f-%d0%b8%d0%b7-%d0%ba%d0%be%d0%bb%d0%bb%d0%b5%d0%ba%d1%86%d0%b8%d0%b8-saltibarsciu","status":"publish","type":"product","link":"https:\/\/siaures.brightprojects.io\/ru\/\u043f\u0440\u043e\u0434\u0443\u043a\u0442\/%d0%ba%d0%be%d0%bb%d0%b5%d1%81%d0%be-%d0%b4%d0%b5%d0%b9%d1%81%d1%82%d0%b2%d0%b8%d1%8f-%d0%b8%d0%b7-%d0%ba%d0%be%d0%bb%d0%bb%d0%b5%d0%ba%d1%86%d0%b8%d0%b8-saltibarsciu\/","title":{"rendered":"\u041a\u043e\u043b\u0435\u0441\u043e \u0434\u0435\u0439\u0441\u0442\u0432\u0438\u044f \u0438\u0437 \u043a\u043e\u043b\u043b\u0435\u043a\u0446\u0438\u0438 \u00ab\u0160altibar\u0161\u010di\u0173\u00bb"},"content":{"rendered":"<p><strong>\u041a\u0443\u043f\u0438\u0442\u0435 \u0438 \u0434\u0435\u0440\u0436\u0438\u0442\u0435 \u0432 \u0440\u0443\u043a\u0430\u0445 \u0432\u0440\u0430\u0449\u0430\u044e\u0449\u0435\u0435\u0441\u044f \u043a\u043e\u043b\u0435\u0441\u043e \u0433\u043b\u0430\u0433\u043e\u043b\u043e\u0432, \u0447\u0442\u043e\u0431\u044b \u0443\u0434\u043e\u0431\u043d\u0435\u0435 \u0431\u044b\u043b\u043e \u0443\u0447\u0438\u0442\u044c \u043b\u0438\u0442\u043e\u0432\u0441\u043a\u0438\u0439 \u044f\u0437\u044b\u043a:<\/strong><\/p>\n<p>&#8212; 30 \u0447\u0430\u0441\u0442\u043e \u0443\u043f\u043e\u0442\u0440\u0435\u0431\u043b\u044f\u0435\u043c\u044b\u0445 \u0433\u043b\u0430\u0433\u043e\u043b\u043e\u0432 \u0432 \u043d\u0430\u0441\u0442\u043e\u044f\u0449\u0435\u043c \u0438 \u043f\u0440\u043e\u0448\u0435\u0434\u0448\u0435\u043c \u0432\u0440\u0435\u043c\u0435\u043d\u0438, \u0432\u043d. \u0438 \u0434\u0433\u0441. \u0438 \u043b\u0438\u0447\u043d\u044b\u0445 \u0432\u0440\u0435\u043c\u0435\u043d\u0430\u0445<br \/>\n&#8212; \u041b\u0435\u0433\u043a\u043e \u0432\u0440\u0430\u0449\u0430\u044e\u0449\u0438\u0439\u0441\u044f \u043c\u0435\u0445\u0430\u043d\u0438\u0437\u043c \u043a\u043e\u043b\u0435\u0441\u0430 &#8212; \u043d\u0430\u0439\u0434\u0438\u0442\u0435 \u043d\u0443\u0436\u043d\u0443\u044e \u0444\u043e\u0440\u043c\u0443 \u043e\u0434\u043d\u0438\u043c \u0434\u0432\u0438\u0436\u0435\u043d\u0438\u0435\u043c<br \/>\n&#8212; \u0420\u0430\u0437\u043b\u0438\u0447\u043d\u044b\u0435 \u0442\u0438\u043f\u044b \u0433\u043b\u0430\u0433\u043e\u043b\u043e\u0432 \u0432\u044b\u0434\u0435\u043b\u0435\u043d\u044b \u0446\u0432\u0435\u0442\u043e\u043c &#8212; \u043b\u0435\u0433\u0447\u0435 \u0447\u0438\u0442\u0430\u0442\u044c \u0438 \u0437\u0430\u043f\u043e\u043c\u0438\u043d\u0430\u0442\u044c<br \/>\n&#8212; \u041e\u0442\u0441\u043a\u0430\u043d\u0438\u0440\u0443\u0439\u0442\u0435 QR-\u043a\u043e\u0434, \u0447\u0442\u043e\u0431\u044b \u043f\u043e\u043b\u0443\u0447\u0438\u0442\u044c \u0434\u043e\u0441\u0442\u0443\u043f \u043a \u0432\u0441\u043f\u043e\u043c\u043e\u0433\u0430\u0442\u0435\u043b\u044c\u043d\u044b\u043c \u043c\u0430\u0442\u0435\u0440\u0438\u0430\u043b\u0430\u043c, \u0442\u0430\u043a\u0438\u043c \u043a\u0430\u043a \u0440\u0443\u043a\u043e\u0432\u043e\u0434\u0441\u0442\u0432\u043e \u043f\u043e \u043f\u0440\u043e\u0438\u0437\u043d\u043e\u0448\u0435\u043d\u0438\u044e, \u043f\u0435\u0440\u0435\u0432\u043e\u0434\u044b \u0438 \u043f\u0440\u0438\u043c\u0435\u0440\u044b \u043f\u0440\u0435\u0434\u043b\u043e\u0436\u0435\u043d\u0438\u0439.<\/p>\n<p>\u0413\u043b\u0430\u0433\u043e\u043b \u043c\u043e\u0436\u043d\u043e \u0432\u0437\u044f\u0442\u044c \u0441 \u0441\u043e\u0431\u043e\u0439 \u043a\u0443\u0434\u0430 \u0443\u0433\u043e\u0434\u043d\u043e! \u041e\u043d \u0441\u0434\u0435\u043b\u0430\u043d \u0438\u0437 \u043f\u0440\u043e\u0447\u043d\u043e\u0433\u043e \u0438 \u0434\u043e\u043b\u0433\u043e\u0432\u0435\u0447\u043d\u043e\u0433\u043e \u043a\u0430\u0440\u0442\u043e\u043d\u0430, \u0430 \u0435\u0449\u0435 \u043e\u043d \u043f\u0440\u0438\u0432\u043b\u0435\u043a\u0430\u0435\u0442 \u0432\u043d\u0438\u043c\u0430\u043d\u0438\u0435 &#8212; \u0435\u0441\u043b\u0438 \u0432\u044b \u043f\u0440\u043e\u0433\u043e\u043b\u043e\u0434\u0430\u0435\u0442\u0435\u0441\u044c, \u0440\u0430\u0437\u0432\u043e\u0440\u0430\u0447\u0438\u0432\u0430\u044f \u0435\u0433\u043e, \u043e\u043d \u043d\u0430\u043f\u043e\u043c\u043d\u0438\u0442 \u0432\u0430\u043c \u043e\u0431 \u0438\u043d\u0433\u0440\u0435\u0434\u0438\u0435\u043d\u0442\u0430\u0445 \u043a\u0443\u043b\u044c\u0442\u043e\u0432\u043e\u0433\u043e \u043b\u0438\u0442\u043e\u0432\u0441\u043a\u043e\u0433\u043e \u0441\u0443\u043f\u0430 \u0161altibar\u0161\u010di\u0173!<\/p>\n<p>\u041f\u043e\u0441\u043b\u0435 \u0442\u043e\u0433\u043e \u043a\u0430\u043a \u0432\u044b \u043e\u043f\u043b\u0430\u0442\u0438\u0442\u0435 \u0437\u0430\u043a\u0430\u0437, \u0432\u044b \u043f\u043e\u043b\u0443\u0447\u0438\u0442\u0435 \u043e\u0442 \u043d\u0430\u0441 \u0443\u0432\u0435\u0434\u043e\u043c\u043b\u0435\u043d\u0438\u0435 \u043e \u0434\u043e\u0441\u0442\u0430\u0432\u043a\u0435. \u0426\u0435\u043d\u0430 \u0432\u043a\u043b\u044e\u0447\u0430\u0435\u0442 \u0432 \u0441\u0435\u0431\u044f \u0441\u0442\u043e\u0438\u043c\u043e\u0441\u0442\u044c \u0434\u043e\u0441\u0442\u0430\u0432\u043a\u0438.<\/p>\n<p>\u0423\u0434\u043e\u0431\u0441\u0442\u0432\u043e, \u0446\u0435\u043d\u043d\u043e\u0441\u0442\u044c \u0438 \u0443\u0434\u043e\u0432\u043e\u043b\u044c\u0441\u0442\u0432\u0438\u0435 \u043f\u043e \u043e\u0434\u043d\u043e\u0439 \u0446\u0435\u043d\u0435<\/p>\n","protected":false},"excerpt":{"rendered":"<p>\u041c\u0430\u0442\u0440\u0438\u0446\u0430 \u0434\u0435\u0439\u0441\u0442\u0432\u0438\u0439 &#8212; \u0432\u0435\u0441\u0435\u043b\u044b\u0439 \u0441\u043f\u043e\u0441\u043e\u0431 \u0432\u044b\u0443\u0447\u0438\u0442\u044c \u043b\u0438\u0442\u043e\u0432\u0441\u043a\u0438\u0439 \u044f\u0437\u044b\u043a! \u042d\u0442\u0430 \u043a\u0440\u0430\u0441\u043e\u0447\u043d\u0430\u044f \u0442\u0430\u0431\u043b\u0438\u0446\u0430 \u0434\u0435\u0439\u0441\u0442\u0432\u0438\u0439 \u043b\u0438\u0442\u043e\u0432\u0441\u043a\u043e\u0433\u043e \u044f\u0437\u044b\u043a\u0430 \u043f\u043e\u0437\u0432\u043e\u043b\u044f\u0435\u0442 \u043b\u0435\u0433\u043a\u043e \u043f\u043e\u043d\u044f\u0442\u044c \u0438 \u0432\u044b\u0443\u0447\u0438\u0442\u044c \u043d\u0430\u0438\u0431\u043e\u043b\u0435\u0435 \u0447\u0430\u0441\u0442\u043e \u0438\u0441\u043f\u043e\u043b\u044c\u0437\u0443\u0435\u043c\u044b\u0435 \u043b\u0438\u0442\u043e\u0432\u0441\u043a\u0438\u0435 \u0433\u043b\u0430\u0433\u043e\u043b\u044b \u0438 \u0438\u0445 \u0432\u0440\u0435\u043c\u0435\u043d\u0430 &#8212; \u043a\u0430\u043a \u0434\u043b\u044f \u043d\u0430\u0447\u0438\u043d\u0430\u044e\u0449\u0438\u0445, \u0442\u0430\u043a \u0438 \u0434\u043b\u044f \u043f\u0440\u043e\u0434\u0432\u0438\u043d\u0443\u0442\u044b\u0445 \u0443\u0447\u0435\u043d\u0438\u043a\u043e\u0432.<\/p>\n","protected":false},"featured_media":5451,"template":"","meta":{"_acf_changed":false},"product_brand":[],"product_cat":[181,183],"product_tag":[214],"class_list":{"0":"post-5788","1":"product","2":"type-product","3":"status-publish","4":"has-post-thumbnail","6":"product_cat-181","7":"product_cat-183","8":"product_tag-214","10":"first","11":"instock","12":"shipping-taxable","13":"purchasable","14":"product-type-simple"},"acf":[],"yoast_head":"<!-- This site is optimized with the Yoast SEO plugin v25.2 - https:\/\/yoast.com\/wordpress\/plugins\/seo\/ -->\n<title>\u041a\u043e\u043b\u0435\u0441\u043e \u0434\u0435\u0439\u0441\u0442\u0432\u0438\u044f \u0438\u0437 \u043a\u043e\u043b\u043b\u0435\u043a\u0446\u0438\u0438 \u00ab\u0160altibar\u0161\u010di\u0173\u00bb - \u0160iaur\u0117s kryptimi<\/title>\n<meta name=\"robots\" content=\"noindex, follow, max-snippet:-1, max-image-preview:large, max-video-preview:-1\" \/>\n<meta property=\"og:locale\" content=\"ru_RU\" \/>\n<meta property=\"og:type\" content=\"article\" \/>\n<meta property=\"og:title\" content=\"\u041a\u043e\u043b\u0435\u0441\u043e \u0434\u0435\u0439\u0441\u0442\u0432\u0438\u044f \u0438\u0437 \u043a\u043e\u043b\u043b\u0435\u043a\u0446\u0438\u0438 \u00ab\u0160altibar\u0161\u010di\u0173\u00bb - \u0160iaur\u0117s kryptimi\" \/>\n<meta property=\"og:description\" content=\"\u041c\u0430\u0442\u0440\u0438\u0446\u0430 \u0434\u0435\u0439\u0441\u0442\u0432\u0438\u0439 - \u0432\u0435\u0441\u0435\u043b\u044b\u0439 \u0441\u043f\u043e\u0441\u043e\u0431 \u0432\u044b\u0443\u0447\u0438\u0442\u044c \u043b\u0438\u0442\u043e\u0432\u0441\u043a\u0438\u0439 \u044f\u0437\u044b\u043a! \u042d\u0442\u0430 \u043a\u0440\u0430\u0441\u043e\u0447\u043d\u0430\u044f \u0442\u0430\u0431\u043b\u0438\u0446\u0430 \u0434\u0435\u0439\u0441\u0442\u0432\u0438\u0439 \u043b\u0438\u0442\u043e\u0432\u0441\u043a\u043e\u0433\u043e \u044f\u0437\u044b\u043a\u0430 \u043f\u043e\u0437\u0432\u043e\u043b\u044f\u0435\u0442 \u043b\u0435\u0433\u043a\u043e \u043f\u043e\u043d\u044f\u0442\u044c \u0438 \u0432\u044b\u0443\u0447\u0438\u0442\u044c \u043d\u0430\u0438\u0431\u043e\u043b\u0435\u0435 \u0447\u0430\u0441\u0442\u043e \u0438\u0441\u043f\u043e\u043b\u044c\u0437\u0443\u0435\u043c\u044b\u0435 \u043b\u0438\u0442\u043e\u0432\u0441\u043a\u0438\u0435 \u0433\u043b\u0430\u0433\u043e\u043b\u044b \u0438 \u0438\u0445 \u0432\u0440\u0435\u043c\u0435\u043d\u0430 - \u043a\u0430\u043a \u0434\u043b\u044f \u043d\u0430\u0447\u0438\u043d\u0430\u044e\u0449\u0438\u0445, \u0442\u0430\u043a \u0438 \u0434\u043b\u044f \u043f\u0440\u043e\u0434\u0432\u0438\u043d\u0443\u0442\u044b\u0445 \u0443\u0447\u0435\u043d\u0438\u043a\u043e\u0432.\" \/>\n<meta property=\"og:url\" content=\"https:\/\/siaures.brightprojects.io\/\u043f\u0440\u043e\u0434\u0443\u043a\u0442\/veiksmaratis-is-saltibarsciu-kolekcijos\/\" \/>\n<meta property=\"og:site_name\" content=\"\u0160iaur\u0117s kryptimi\" \/>\n<meta property=\"article:publisher\" content=\"https:\/\/www.facebook.com\/siaureskryptimi\" \/>\n<meta property=\"article:modified_time\" content=\"2025-06-04T08:50:30+00:00\" \/>\n<meta property=\"og:image\" content=\"https:\/\/siaures.brightprojects.io\/wp-content\/uploads\/2025\/06\/Dizainas-be-pavadinimo-5.png\" \/>\n\t<meta property=\"og:image:width\" content=\"1000\" \/>\n\t<meta property=\"og:image:height\" content=\"1000\" \/>\n\t<meta property=\"og:image:type\" content=\"image\/png\" \/>\n<meta name=\"twitter:card\" content=\"summary_large_image\" \/>\n<script type=\"application\/ld+json\" class=\"yoast-schema-graph\">{\"@context\":\"https:\/\/schema.org\",\"@graph\":[{\"@type\":\"WebPage\",\"@id\":\"https:\/\/siaures.brightprojects.io\/\u043f\u0440\u043e\u0434\u0443\u043a\u0442\/veiksmaratis-is-saltibarsciu-kolekcijos\/\",\"url\":\"https:\/\/siaures.brightprojects.io\/\u043f\u0440\u043e\u0434\u0443\u043a\u0442\/veiksmaratis-is-saltibarsciu-kolekcijos\/\",\"name\":\"\u041a\u043e\u043b\u0435\u0441\u043e \u0434\u0435\u0439\u0441\u0442\u0432\u0438\u044f \u0438\u0437 \u043a\u043e\u043b\u043b\u0435\u043a\u0446\u0438\u0438 \u00ab\u0160altibar\u0161\u010di\u0173\u00bb - \u0160iaur\u0117s kryptimi\",\"isPartOf\":{\"@id\":\"https:\/\/siaures.brightprojects.io\/#website\"},\"primaryImageOfPage\":{\"@id\":\"https:\/\/siaures.brightprojects.io\/\u043f\u0440\u043e\u0434\u0443\u043a\u0442\/veiksmaratis-is-saltibarsciu-kolekcijos\/#primaryimage\"},\"image\":{\"@id\":\"https:\/\/siaures.brightprojects.io\/\u043f\u0440\u043e\u0434\u0443\u043a\u0442\/veiksmaratis-is-saltibarsciu-kolekcijos\/#primaryimage\"},\"thumbnailUrl\":\"https:\/\/siaures.brightprojects.io\/wp-content\/uploads\/2025\/06\/Dizainas-be-pavadinimo-5.png\",\"datePublished\":\"2025-06-04T07:20:12+00:00\",\"dateModified\":\"2025-06-04T08:50:30+00:00\",\"breadcrumb\":{\"@id\":\"https:\/\/siaures.brightprojects.io\/\u043f\u0440\u043e\u0434\u0443\u043a\u0442\/veiksmaratis-is-saltibarsciu-kolekcijos\/#breadcrumb\"},\"inLanguage\":\"ru-RU\",\"potentialAction\":[{\"@type\":\"ReadAction\",\"target\":[\"https:\/\/siaures.brightprojects.io\/\u043f\u0440\u043e\u0434\u0443\u043a\u0442\/veiksmaratis-is-saltibarsciu-kolekcijos\/\"]}]},{\"@type\":\"ImageObject\",\"inLanguage\":\"ru-RU\",\"@id\":\"https:\/\/siaures.brightprojects.io\/\u043f\u0440\u043e\u0434\u0443\u043a\u0442\/veiksmaratis-is-saltibarsciu-kolekcijos\/#primaryimage\",\"url\":\"https:\/\/siaures.brightprojects.io\/wp-content\/uploads\/2025\/06\/Dizainas-be-pavadinimo-5.png\",\"contentUrl\":\"https:\/\/siaures.brightprojects.io\/wp-content\/uploads\/2025\/06\/Dizainas-be-pavadinimo-5.png\",\"width\":1000,\"height\":1000},{\"@type\":\"BreadcrumbList\",\"@id\":\"https:\/\/siaures.brightprojects.io\/\u043f\u0440\u043e\u0434\u0443\u043a\u0442\/veiksmaratis-is-saltibarsciu-kolekcijos\/#breadcrumb\",\"itemListElement\":[{\"@type\":\"ListItem\",\"position\":1,\"name\":\"\u0413\u043b\u0430\u0432\u043d\u0430\u044f\",\"item\":\"https:\/\/siaures.brightprojects.io\/ru\/\"},{\"@type\":\"ListItem\",\"position\":2,\"name\":\"\u041c\u0430\u0433\u0430\u0437\u0438\u043d\",\"item\":\"https:\/\/siaures.brightprojects.io\/parduotuve\/\"},{\"@type\":\"ListItem\",\"position\":3,\"name\":\"\u041a\u043e\u043b\u0435\u0441\u043e \u0434\u0435\u0439\u0441\u0442\u0432\u0438\u044f \u0438\u0437 \u043a\u043e\u043b\u043b\u0435\u043a\u0446\u0438\u0438 \u00ab\u0160altibar\u0161\u010di\u0173\u00bb\"}]},{\"@type\":\"WebSite\",\"@id\":\"https:\/\/siaures.brightprojects.io\/#website\",\"url\":\"https:\/\/siaures.brightprojects.io\/\",\"name\":\"https:\/\/siaureskryptimi.lt\",\"description\":\"\",\"publisher\":{\"@id\":\"https:\/\/siaures.brightprojects.io\/#organization\"},\"potentialAction\":[{\"@type\":\"SearchAction\",\"target\":{\"@type\":\"EntryPoint\",\"urlTemplate\":\"https:\/\/siaures.brightprojects.io\/?s={search_term_string}\"},\"query-input\":{\"@type\":\"PropertyValueSpecification\",\"valueRequired\":true,\"valueName\":\"search_term_string\"}}],\"inLanguage\":\"ru-RU\"},{\"@type\":\"Organization\",\"@id\":\"https:\/\/siaures.brightprojects.io\/#organization\",\"name\":\"\u0160iaur\u0117s kryptimi\",\"url\":\"https:\/\/siaures.brightprojects.io\/\",\"logo\":{\"@type\":\"ImageObject\",\"inLanguage\":\"ru-RU\",\"@id\":\"https:\/\/siaures.brightprojects.io\/#\/schema\/logo\/image\/\",\"url\":\"https:\/\/siaures.brightprojects.io\/wp-content\/uploads\/2025\/05\/mazas-logo.png\",\"contentUrl\":\"https:\/\/siaures.brightprojects.io\/wp-content\/uploads\/2025\/05\/mazas-logo.png\",\"width\":30,\"height\":29,\"caption\":\"\u0160iaur\u0117s kryptimi\"},\"image\":{\"@id\":\"https:\/\/siaures.brightprojects.io\/#\/schema\/logo\/image\/\"},\"sameAs\":[\"https:\/\/www.facebook.com\/siaureskryptimi\",\"https:\/\/www.instagram.com\/siaureskryptimi\/?hl=en\",\"https:\/\/www.linkedin.com\/company\/siaureskryptimi\/\"]}]}<\/script>\n<!-- \/ Yoast SEO plugin. -->","yoast_head_json":{"title":"\u041a\u043e\u043b\u0435\u0441\u043e \u0434\u0435\u0439\u0441\u0442\u0432\u0438\u044f \u0438\u0437 \u043a\u043e\u043b\u043b\u0435\u043a\u0446\u0438\u0438 \u00ab\u0160altibar\u0161\u010di\u0173\u00bb - \u0160iaur\u0117s kryptimi","robots":{"index":"noindex","follow":"follow","max-snippet":"max-snippet:-1","max-image-preview":"max-image-preview:large","max-video-preview":"max-video-preview:-1"},"og_locale":"ru_RU","og_type":"article","og_title":"\u041a\u043e\u043b\u0435\u0441\u043e \u0434\u0435\u0439\u0441\u0442\u0432\u0438\u044f \u0438\u0437 \u043a\u043e\u043b\u043b\u0435\u043a\u0446\u0438\u0438 \u00ab\u0160altibar\u0161\u010di\u0173\u00bb - \u0160iaur\u0117s kryptimi","og_description":"\u041c\u0430\u0442\u0440\u0438\u0446\u0430 \u0434\u0435\u0439\u0441\u0442\u0432\u0438\u0439 - \u0432\u0435\u0441\u0435\u043b\u044b\u0439 \u0441\u043f\u043e\u0441\u043e\u0431 \u0432\u044b\u0443\u0447\u0438\u0442\u044c \u043b\u0438\u0442\u043e\u0432\u0441\u043a\u0438\u0439 \u044f\u0437\u044b\u043a! \u042d\u0442\u0430 \u043a\u0440\u0430\u0441\u043e\u0447\u043d\u0430\u044f \u0442\u0430\u0431\u043b\u0438\u0446\u0430 \u0434\u0435\u0439\u0441\u0442\u0432\u0438\u0439 \u043b\u0438\u0442\u043e\u0432\u0441\u043a\u043e\u0433\u043e \u044f\u0437\u044b\u043a\u0430 \u043f\u043e\u0437\u0432\u043e\u043b\u044f\u0435\u0442 \u043b\u0435\u0433\u043a\u043e \u043f\u043e\u043d\u044f\u0442\u044c \u0438 \u0432\u044b\u0443\u0447\u0438\u0442\u044c \u043d\u0430\u0438\u0431\u043e\u043b\u0435\u0435 \u0447\u0430\u0441\u0442\u043e \u0438\u0441\u043f\u043e\u043b\u044c\u0437\u0443\u0435\u043c\u044b\u0435 \u043b\u0438\u0442\u043e\u0432\u0441\u043a\u0438\u0435 \u0433\u043b\u0430\u0433\u043e\u043b\u044b \u0438 \u0438\u0445 \u0432\u0440\u0435\u043c\u0435\u043d\u0430 - \u043a\u0430\u043a \u0434\u043b\u044f \u043d\u0430\u0447\u0438\u043d\u0430\u044e\u0449\u0438\u0445, \u0442\u0430\u043a \u0438 \u0434\u043b\u044f \u043f\u0440\u043e\u0434\u0432\u0438\u043d\u0443\u0442\u044b\u0445 \u0443\u0447\u0435\u043d\u0438\u043a\u043e\u0432.","og_url":"https:\/\/siaures.brightprojects.io\/\u043f\u0440\u043e\u0434\u0443\u043a\u0442\/veiksmaratis-is-saltibarsciu-kolekcijos\/","og_site_name":"\u0160iaur\u0117s kryptimi","article_publisher":"https:\/\/www.facebook.com\/siaureskryptimi","article_modified_time":"2025-06-04T08:50:30+00:00","og_image":[{"width":1000,"height":1000,"url":"https:\/\/siaures.brightprojects.io\/wp-content\/uploads\/2025\/06\/Dizainas-be-pavadinimo-5.png","type":"image\/png"}],"twitter_card":"summary_large_image","schema":{"@context":"https:\/\/schema.org","@graph":[{"@type":"WebPage","@id":"https:\/\/siaures.brightprojects.io\/\u043f\u0440\u043e\u0434\u0443\u043a\u0442\/veiksmaratis-is-saltibarsciu-kolekcijos\/","url":"https:\/\/siaures.brightprojects.io\/\u043f\u0440\u043e\u0434\u0443\u043a\u0442\/veiksmaratis-is-saltibarsciu-kolekcijos\/","name":"\u041a\u043e\u043b\u0435\u0441\u043e \u0434\u0435\u0439\u0441\u0442\u0432\u0438\u044f \u0438\u0437 \u043a\u043e\u043b\u043b\u0435\u043a\u0446\u0438\u0438 \u00ab\u0160altibar\u0161\u010di\u0173\u00bb - \u0160iaur\u0117s kryptimi","isPartOf":{"@id":"https:\/\/siaures.brightprojects.io\/#website"},"primaryImageOfPage":{"@id":"https:\/\/siaures.brightprojects.io\/\u043f\u0440\u043e\u0434\u0443\u043a\u0442\/veiksmaratis-is-saltibarsciu-kolekcijos\/#primaryimage"},"image":{"@id":"https:\/\/siaures.brightprojects.io\/\u043f\u0440\u043e\u0434\u0443\u043a\u0442\/veiksmaratis-is-saltibarsciu-kolekcijos\/#primaryimage"},"thumbnailUrl":"https:\/\/siaures.brightprojects.io\/wp-content\/uploads\/2025\/06\/Dizainas-be-pavadinimo-5.png","datePublished":"2025-06-04T07:20:12+00:00","dateModified":"2025-06-04T08:50:30+00:00","breadcrumb":{"@id":"https:\/\/siaures.brightprojects.io\/\u043f\u0440\u043e\u0434\u0443\u043a\u0442\/veiksmaratis-is-saltibarsciu-kolekcijos\/#breadcrumb"},"inLanguage":"ru-RU","potentialAction":[{"@type":"ReadAction","target":["https:\/\/siaures.brightprojects.io\/\u043f\u0440\u043e\u0434\u0443\u043a\u0442\/veiksmaratis-is-saltibarsciu-kolekcijos\/"]}]},{"@type":"ImageObject","inLanguage":"ru-RU","@id":"https:\/\/siaures.brightprojects.io\/\u043f\u0440\u043e\u0434\u0443\u043a\u0442\/veiksmaratis-is-saltibarsciu-kolekcijos\/#primaryimage","url":"https:\/\/siaures.brightprojects.io\/wp-content\/uploads\/2025\/06\/Dizainas-be-pavadinimo-5.png","contentUrl":"https:\/\/siaures.brightprojects.io\/wp-content\/uploads\/2025\/06\/Dizainas-be-pavadinimo-5.png","width":1000,"height":1000},{"@type":"BreadcrumbList","@id":"https:\/\/siaures.brightprojects.io\/\u043f\u0440\u043e\u0434\u0443\u043a\u0442\/veiksmaratis-is-saltibarsciu-kolekcijos\/#breadcrumb","itemListElement":[{"@type":"ListItem","position":1,"name":"\u0413\u043b\u0430\u0432\u043d\u0430\u044f","item":"https:\/\/siaures.brightprojects.io\/ru\/"},{"@type":"ListItem","position":2,"name":"\u041c\u0430\u0433\u0430\u0437\u0438\u043d","item":"https:\/\/siaures.brightprojects.io\/parduotuve\/"},{"@type":"ListItem","position":3,"name":"\u041a\u043e\u043b\u0435\u0441\u043e \u0434\u0435\u0439\u0441\u0442\u0432\u0438\u044f \u0438\u0437 \u043a\u043e\u043b\u043b\u0435\u043a\u0446\u0438\u0438 \u00ab\u0160altibar\u0161\u010di\u0173\u00bb"}]},{"@type":"WebSite","@id":"https:\/\/siaures.brightprojects.io\/#website","url":"https:\/\/siaures.brightprojects.io\/","name":"https:\/\/siaureskryptimi.lt","description":"","publisher":{"@id":"https:\/\/siaures.brightprojects.io\/#organization"},"potentialAction":[{"@type":"SearchAction","target":{"@type":"EntryPoint","urlTemplate":"https:\/\/siaures.brightprojects.io\/?s={search_term_string}"},"query-input":{"@type":"PropertyValueSpecification","valueRequired":true,"valueName":"search_term_string"}}],"inLanguage":"ru-RU"},{"@type":"Organization","@id":"https:\/\/siaures.brightprojects.io\/#organization","name":"\u0160iaur\u0117s kryptimi","url":"https:\/\/siaures.brightprojects.io\/","logo":{"@type":"ImageObject","inLanguage":"ru-RU","@id":"https:\/\/siaures.brightprojects.io\/#\/schema\/logo\/image\/","url":"https:\/\/siaures.brightprojects.io\/wp-content\/uploads\/2025\/05\/mazas-logo.png","contentUrl":"https:\/\/siaures.brightprojects.io\/wp-content\/uploads\/2025\/05\/mazas-logo.png","width":30,"height":29,"caption":"\u0160iaur\u0117s kryptimi"},"image":{"@id":"https:\/\/siaures.brightprojects.io\/#\/schema\/logo\/image\/"},"sameAs":["https:\/\/www.facebook.com\/siaureskryptimi","https:\/\/www.instagram.com\/siaureskryptimi\/?hl=en","https:\/\/www.linkedin.com\/company\/siaureskryptimi\/"]}]}},"_links":{"self":[{"href":"https:\/\/siaures.brightprojects.io\/ru\/wp-json\/wp\/v2\/product\/5788","targetHints":{"allow":["GET"]}}],"collection":[{"href":"https:\/\/siaures.brightprojects.io\/ru\/wp-json\/wp\/v2\/product"}],"about":[{"href":"https:\/\/siaures.brightprojects.io\/ru\/wp-json\/wp\/v2\/types\/product"}],"wp:featuredmedia":[{"embeddable":true,"href":"https:\/\/siaures.brightprojects.io\/ru\/wp-json\/wp\/v2\/media\/5451"}],"wp:attachment":[{"href":"https:\/\/siaures.brightprojects.io\/ru\/wp-json\/wp\/v2\/media?parent=5788"}],"wp:term":[{"taxonomy":"product_brand","embeddable":true,"href":"https:\/\/siaures.brightprojects.io\/ru\/wp-json\/wp\/v2\/product_brand?post=5788"},{"taxonomy":"product_cat","embeddable":true,"href":"https:\/\/siaures.brightprojects.io\/ru\/wp-json\/wp\/v2\/product_cat?post=5788"},{"taxonomy":"product_tag","embeddable":true,"href":"https:\/\/siaures.brightprojects.io\/ru\/wp-json\/wp\/v2\/product_tag?post=5788"}],"curies":[{"name":"wp","href":"https:\/\/api.w.org\/{rel}","templated":true}]}}